{"id":6,"date":"2018-02-17T10:08:46","date_gmt":"2018-02-17T09:08:46","guid":{"rendered":"https:\/\/www.festivaldeceramique.com\/?page_id=6"},"modified":"2021-02-03T16:11:00","modified_gmt":"2021-02-03T15:11:00","slug":"exposants-2018-festival-de-ceramique-paris-11","status":"publish","type":"page","link":"https:\/\/www.festivaldeceramique.com\/index.php\/exposants-2018-festival-de-ceramique-paris-11\/","title":{"rendered":"Exposants"},"content":{"rendered":"<h5><a href=\"https:\/\/www.festivaldeceramique.com\/index.php\/programme-2018\">Voir le programme 2018<\/a><\/h5>\n<h5><\/h5>\n<h3>Liste des exposants 2018<\/h3>\n<div class=\"colExposants\"><strong>14 <a href=\"https:\/\/www.festivaldeceramique.com\/wp-content\/uploads\/2018\/03\/fiche-exposant-14.jpg\" rel=\"lightbox\">Fanny Acquart-Gensollen<\/a><\/strong><br \/>\n<span style=\"color: #333333;\">3 rue Charles Weiss 75015 Paris<\/span><br \/>\n<a href=\"http:\/\/www.fannyacquartgensollen.com\" target=\"_blank\" rel=\"noopener noreferrer\"><span style=\"color: #333333;\">www.fannyacquartgensollen.com<\/span><\/a><br \/>\n<strong>26 <a href=\"https:\/\/www.festivaldeceramique.com\/wp-content\/uploads\/2018\/03\/fiche-exposant-26.jpg\" rel=\"lightbox\">Beno\u00eet Audureau<\/a><\/strong><br \/>\n<span style=\"color: #333333;\">Les Molans 49310 Le Voide<\/span><br \/>\n<a href=\"mailto:benoit.audureau@laposte.net\"><span style=\"color: #333333;\"> benoit.audureau@laposte.net<\/span><\/a><br \/>\n<strong>1 <a href=\"https:\/\/www.festivaldeceramique.com\/wp-content\/uploads\/2018\/03\/fiche-exposant-1.jpg\" rel=\"lightbox\">Marjolaine Berthod<\/a><\/strong><br \/>\n<span style=\"color: #333333;\">20 Avenue Augustin Dumont<\/span><br \/>\n<span style=\"color: #333333;\"> 92240 Malakoff<\/span><br \/>\n<a href=\"http:\/\/www.marjolaineberthod.com\" target=\"_blank\" rel=\"noopener noreferrer\"><span style=\"color: #333333;\"> www.marjolaineberthod.com<\/span><\/a><br \/>\n<strong>27 <a href=\"https:\/\/www.festivaldeceramique.com\/wp-content\/uploads\/2018\/03\/fiche-exposant-27.jpg\">Corinne Betton<\/a><\/strong><br \/>\n<span style=\"color: #333333;\">Les Picards 71260 P\u00e9ronne<\/span><br \/>\n<a href=\"mailto:corinnebetton@yahoo.fr\"><span style=\"color: #333333;\"> corinnebetton@yahoo.fr<\/span><\/a><br \/>\n<strong>17 <a href=\"https:\/\/www.festivaldeceramique.com\/wp-content\/uploads\/2018\/03\/fiche-exposant-17.jpg\">Beatrice Bruneteau<\/a><\/strong><br \/>\n<span style=\"color: #333333;\">17 rue de Senlis<\/span><br \/>\n<span style=\"color: #333333;\"> 60500 Vineuil-Saint-Firmin<\/span><br \/>\n<a href=\"http:\/\/www.beatricebruneteau.com\" target=\"_blank\" rel=\"noopener noreferrer\"><span style=\"color: #333333;\"> www.beatricebruneteau.com<\/span><\/a><br \/>\n<strong>24 <a href=\"https:\/\/www.festivaldeceramique.com\/wp-content\/uploads\/2018\/03\/fiche-exposant-24.jpg\">Michael Buckley<\/a><\/strong><br \/>\n<span style=\"color: #333333;\">238 rue de Bourgogne<\/span><br \/>\n<span style=\"color: #333333;\"> 45000 Orl\u00e9ans<\/span><br \/>\n<a href=\"mailto:me.buckley@yahoo.fr\"><span style=\"color: #333333;\"> me.buckley@yahoo.fr<\/span><\/a><br \/>\n<strong>21 <a href=\"https:\/\/www.festivaldeceramique.com\/wp-content\/uploads\/2018\/03\/fiche-exposant-21.jpg\">Chantal C\u00e9sure<\/a><\/strong><br \/>\n<span style=\"color: #333333;\">157 Chemin de la Gare<\/span><br \/>\n<span style=\"color: #333333;\"> 30350 Cassagnoles<\/span><br \/>\n<a href=\"mailto:louis.louise.emoi@wanadoo.fr\" target=\"_blank\" rel=\"noopener noreferrer\"><span style=\"color: #333333;\"> louis.louise.emoi@wanadoo.fr<\/span><\/a><br \/>\n<strong>11 <a href=\"https:\/\/www.festivaldeceramique.com\/wp-content\/uploads\/2018\/03\/fiche-exposant-11.jpg\">Myriam Chemla<\/a><\/strong><br \/>\n<span style=\"color: #333333;\">Paquier des Molli\u00e8res,<\/span><br \/>\n<span style=\"color: #333333;\"> Donzy le National<\/span><br \/>\n<span style=\"color: #333333;\"> 71250 La-Vineuse-sur-Fr\u00e9guande<\/span><br \/>\n<a href=\"http:\/\/www.myriamchemla.com\" target=\"_blank\" rel=\"noopener noreferrer\"><span style=\"color: #333333;\"> www.myriamchemla.com<\/span><\/a><br \/>\n<strong>15 <a href=\"https:\/\/www.festivaldeceramique.com\/wp-content\/uploads\/2018\/03\/fiche-exposant-15.jpg\">Sylvie Delphaut<\/a><\/strong><br \/>\n<span style=\"color: #333333;\">15 rue No\u00ebl Ballay 31400 Toulouse<\/span><br \/>\n<a href=\"http:\/\/www.sylvie.delphaut.com\" target=\"_blank\" rel=\"noopener noreferrer\"><span style=\"color: #333333;\"> www.sylvie.delphaut.com<\/span><\/a><br \/>\n<strong>19 <a href=\"https:\/\/www.festivaldeceramique.com\/wp-content\/uploads\/2018\/03\/fiche-exposant-19.jpg\">Laurent Dufour<\/a><\/strong><br \/>\n<span style=\"color: #333333;\">La Gare 36230 Saint Denis de Jouhet<\/span><br \/>\n<a href=\"http:\/\/www.dufourlaurent.com\" target=\"_blank\" rel=\"noopener noreferrer\"><span style=\"color: #333333;\"> www.dufourlaurent.com<\/span><\/a><br \/>\n<strong>12 <a href=\"https:\/\/www.festivaldeceramique.com\/wp-content\/uploads\/2018\/03\/fiche-exposant-12.jpg\">Tiffany Gauthier<\/a><\/strong><br \/>\n<span style=\"color: #333333;\">3 bis rue de la Robini\u00e8re<\/span><br \/>\n<span style=\"color: #333333;\"> 49290 Chalonnes-sur-Loire<\/span><br \/>\n<a href=\"mailto:lesterresdetiny@gmail.com\"><span style=\"color: #333333;\"> lesterresdetiny@gmail.com<\/span><\/a><br \/>\n<strong>13 <a href=\"https:\/\/www.festivaldeceramique.com\/wp-content\/uploads\/2018\/03\/fiche-exposant-13.jpg\">Julia Gerard<\/a><\/strong><br \/>\n<span style=\"color: #333333;\">5 rue du Creux Chemin<\/span><br \/>\n<span style=\"color: #333333;\"> 49700 Villeneuve<\/span><br \/>\n<a href=\"http:\/\/www.juliagerard.wixsite.com\/juliagerard\" target=\"_blank\" rel=\"noopener noreferrer\"><span style=\"color: #333333;\"> www.juliagerard.wixsite.com\/juliagerard<\/span><\/a><br \/>\n<strong>12 <a href=\"https:\/\/www.festivaldeceramique.com\/wp-content\/uploads\/2018\/03\/fiche-exposant-12bis.jpg\">Fabienne Gilles<\/a><\/strong><br \/>\n<span style=\"color: #333333;\">81 rue Condorcet 93100 Montreuil<\/span><br \/>\n<a href=\"http:\/\/www.fabiennegilles.fr\" target=\"_blank\" rel=\"noopener noreferrer\"><span style=\"color: #333333;\"> www.fabiennegilles.fr<\/span><\/a><br \/>\n<strong>10 <a href=\"https:\/\/www.festivaldeceramique.com\/wp-content\/uploads\/2018\/03\/fiche-exposant-10.jpg\">Pep Gomez<\/a><\/strong><br \/>\n<span style=\"color: #333333;\">La Borne d\u2019en Bas,<\/span><br \/>\n<span style=\"color: #333333;\"> Route de Morogues<\/span><br \/>\n<span style=\"color: #333333;\"> 18250 Henrichemont<\/span><br \/>\n<a href=\"mailto:pep.gomez@laposte.net\"><span style=\"color: #333333;\"> pep.gomez@laposte.net<\/span><\/a><br \/>\n<strong>18 <a href=\"https:\/\/www.festivaldeceramique.com\/wp-content\/uploads\/2018\/03\/fiche-exposant-18.jpg\">Cica Gomez<\/a><\/strong><br \/>\n<span style=\"color: #333333;\">11 rue Professeur Rollet<\/span><br \/>\n<span style=\"color: #333333;\"> 69008 Lyon<\/span><br \/>\n<a href=\"http:\/\/cica-gomez-ceramics.blogspot.fr\" target=\"_blank\" rel=\"noopener noreferrer\"><span style=\"color: #333333;\">cica-gomez-ceramics.blogspot.fr<\/span><\/a><br \/>\n<strong>16 <a href=\"https:\/\/www.festivaldeceramique.com\/wp-content\/uploads\/2018\/03\/fiche-exposant-16.jpg\">\u00c9ric Hibelot<\/a><\/strong><br \/>\n<span style=\"color: #333333;\">12 route des Moreaux<\/span><br \/>\n<span style=\"color: #333333;\"> 58310 Saint-Amand-en-Puisaye<\/span><br \/>\n<a href=\"http:\/\/www.latelierdesgarcons.com\" target=\"_blank\" rel=\"noopener noreferrer\"><span style=\"color: #333333;\"> www.latelierdesgarcons.com<\/span><\/a><br \/>\n<strong>23 <a href=\"https:\/\/www.festivaldeceramique.com\/wp-content\/uploads\/2018\/03\/fiche-exposant-23.jpg\">Kaori Kurihara<\/a><\/strong><br \/>\n<span style=\"color: #333333;\">9 rue Biot #13 75017 Paris<\/span><br \/>\n<a href=\"http:\/\/www.kaorikurihara.com\" target=\"_blank\" rel=\"noopener noreferrer\"><span style=\"color: #333333;\"> www.kaorikurihara.com<\/span><\/a><br \/>\n<strong>7 <a href=\"https:\/\/www.festivaldeceramique.com\/wp-content\/uploads\/2018\/03\/fiche-exposant-7.jpg\">Vincent L\u00e9vy<\/a><\/strong><br \/>\n<span style=\"color: #333333;\">18 rue d\u2019Abbeville 75009 Paris<\/span><br \/>\n<a href=\"http:\/\/www.vi-ceramique.fr\" target=\"_blank\" rel=\"noopener noreferrer\"><span style=\"color: #333333;\"> www.vi-ceramique.fr<\/span><\/a><br \/>\n<a href=\"https:\/\/www.festivaldeceramique.com\/wp-content\/uploads\/2018\/03\/fiche-exposant-30.jpg\"><strong>30 Julie Loaec<\/strong><\/a><br \/>\n<span style=\"color: #333333;\">9 rue du Bois d\u2019Amour 29200 Brest<\/span><br \/>\n<a href=\"http:\/\/www.julie.loaec.over-blog.com\" target=\"_blank\" rel=\"noopener noreferrer\"><span style=\"color: #333333;\"> www.julie.loaec.over-blog.com<\/span><\/a><\/div>\n<div class=\"colExposants\"><strong>28 <a href=\"https:\/\/www.festivaldeceramique.com\/wp-content\/uploads\/2018\/03\/fiche-exposant-28.jpg\">Sophy Mackeith<\/a><\/strong><br \/>\n<span style=\"color: #333333;\">Atelier Macquiche,&nbsp;<\/span><span style=\"color: #333333;\">2 Ruelle des Anseuses<\/span><br \/>\n<span style=\"color: #333333;\">58310 St-Amand-en-Puisaye<\/span><br \/>\n<a href=\"mailto:getsoph@yahoo.com\"><span style=\"color: #333333;\"> getsoph@yahoo.com<\/span><\/a><br \/>\n<strong>1 <a href=\"https:\/\/www.festivaldeceramique.com\/wp-content\/uploads\/2018\/03\/fiche-exposant-1bis.jpg\">Claire Marfisi<\/a><\/strong><br \/>\n<span style=\"color: #333333;\">174 rue de la Jarry<\/span><br \/>\n<span style=\"color: #333333;\"> 94300 Vincennes<\/span><br \/>\n<a href=\"http:\/\/www.clairemarfisi.fr\" target=\"_blank\" rel=\"noopener noreferrer\"><span style=\"color: #333333;\"> www.clairemarfisi.fr<\/span><\/a><br \/>\n<strong>6 <a href=\"https:\/\/www.festivaldeceramique.com\/wp-content\/uploads\/2018\/03\/fiche-exposant-6.jpg\">Linda Ouhbi<\/a><\/strong><br \/>\n<span style=\"color: #333333;\">70 Avenue de Flandre<\/span><br \/>\n<span style=\"color: #333333;\"> 75019 Paris<\/span><br \/>\n<a href=\"http:\/\/www.linda-ouhbi.tumblr.com\" target=\"_blank\" rel=\"noopener noreferrer\"><span style=\"color: #333333;\"> www.linda-ouhbi.tumblr.com<\/span><\/a><br \/>\n<strong>4 <a href=\"https:\/\/www.festivaldeceramique.com\/wp-content\/uploads\/2018\/03\/fiche-exposant-4.jpg\">Isabelle Pammachius<\/a><\/strong><br \/>\n<span style=\"color: #333333;\">95 Route de Boisbelle<\/span><br \/>\n<span style=\"color: #333333;\"> 18250 Henrichemont<\/span><br \/>\n<a href=\"mailto:boisbelle@free.fr\"><span style=\"color: #333333;\"> boisbelle@free.fr<\/span><\/a><br \/>\n<strong>22 <a href=\"https:\/\/www.festivaldeceramique.com\/wp-content\/uploads\/2018\/03\/fiche-exposant-22.jpg\">Karen Petit<\/a><\/strong><br \/>\n<span style=\"color: #333333;\">12 rue Cl\u00e9ment Forissier<\/span><br \/>\n<span style=\"color: #333333;\"> 42100 Saint-\u00c9tienne<\/span><br \/>\n<a href=\"http:\/\/www.karenpetit.blogspot.fr\" target=\"_blank\" rel=\"noopener noreferrer\"><span style=\"color: #333333;\"> www.karenpetit.blogspot.fr<\/span><\/a><br \/>\n<strong>29 <a href=\"https:\/\/www.festivaldeceramique.com\/wp-content\/uploads\/2018\/03\/fiche-exposant-29.jpg\">Chlo\u00e9 Peytermann<\/a><\/strong><br \/>\n<span style=\"color: #333333;\">3 Ch. de la Croix du Lume<\/span><br \/>\n<span style=\"color: #333333;\"> 26220 Dieulefit<\/span><br \/>\n<a href=\"http:\/\/www.chloeterre.com\" target=\"_blank\" rel=\"noopener noreferrer\"><span style=\"color: #333333;\"> www.chloeterre.com<\/span><\/a><br \/>\n<strong>8 <a href=\"https:\/\/www.festivaldeceramique.com\/wp-content\/uploads\/2018\/03\/fiche-exposant-8.jpg\">C\u00e9cile Poisson<\/a><\/strong><br \/>\n<span style=\"color: #333333;\">3 Biez Scolan 22260 Plo\u00ebzal<\/span><br \/>\n<span style=\"color: #333333;\"> <a style=\"color: #333333;\" href=\"mailto:poissoncecile@sfr.fr\">poissoncecile@sfr.fr<\/a><\/span><br \/>\n<strong>20 <a href=\"https:\/\/www.festivaldeceramique.com\/wp-content\/uploads\/2018\/03\/fiche-exposant-20.jpg\">C\u00e9cile Preziosa<\/a><\/strong><br \/>\n<span style=\"color: #333333;\">La Motte Saint-Quentin<\/span><br \/>\n<span style=\"color: #333333;\"> 61360 Saint-Quentin-de-Blavou<\/span><br \/>\n<a href=\"http:\/\/www.cecilepreziosa.com\" target=\"_blank\" rel=\"noopener noreferrer\"><span style=\"color: #333333;\"> www.cecilepreziosa.com<\/span><\/a><br \/>\n<strong>31 <a href=\"https:\/\/www.festivaldeceramique.com\/wp-content\/uploads\/2018\/03\/fiche-exposant-31.jpg\">St\u00e9phanie Raymond<\/a><\/strong><br \/>\n<span style=\"color: #333333;\">SCI les 3 Salettes,<\/span><br \/>\n<span style=\"color: #333333;\"> Chemin des Paluds<\/span><br \/>\n<span style=\"color: #333333;\"> 84190 Beaumes-de-Venise<\/span><br \/>\n<a href=\"mailto:stefani.raymond@gmail.com\"><span style=\"color: #333333;\"> stefani.raymond@gmail.com<\/span><\/a><br \/>\n<strong>25 <a href=\"https:\/\/www.festivaldeceramique.com\/wp-content\/uploads\/2018\/03\/fiche-exposant-25.jpg\">Marl\u00e8ne Requier<\/a><\/strong><br \/>\n<span style=\"color: #333333;\">R\u00e9sidence Les Foulous,<\/span><br \/>\n<span style=\"color: #333333;\"> Rue du Bas de la Ferme<\/span><br \/>\n<span style=\"color: #333333;\"> 91140 Villebon-sur-Yvette<\/span><br \/>\n<a href=\"http:\/\/www.marlenerequier.blogspot.com\" target=\"_blank\" rel=\"noopener noreferrer\"><span style=\"color: #333333;\"> www.marlenerequier.blogspot.com<\/span><\/a><br \/>\n<strong>5 <a href=\"https:\/\/www.festivaldeceramique.com\/wp-content\/uploads\/2018\/03\/fiche-exposant-5.jpg\">Z\u00e9lie Rouby<\/a><\/strong><br \/>\n<span style=\"color: #333333;\">5 rue des Vignerons<\/span><br \/>\n<span style=\"color: #333333;\"> 26600 Tain l\u2019Hermitage<\/span><br \/>\n<a href=\"http:\/\/www.zelierouby.com\" target=\"_blank\" rel=\"noopener noreferrer\"><span style=\"color: #333333;\"> www.zelierouby.com<\/span><\/a><br \/>\n<strong>3 <a href=\"https:\/\/www.festivaldeceramique.com\/wp-content\/uploads\/2018\/03\/fiche-exposant-3.jpg\">Alison Thirion<\/a><\/strong><br \/>\n<span style=\"color: #333333;\">3 rue Andr\u00e9 Thome<\/span><br \/>\n<span style=\"color: #333333;\"> 78120 Sonchamp<\/span><br \/>\n<a href=\"http:\/\/www.alisonthirion.com\" target=\"_blank\" rel=\"noopener noreferrer\"><span style=\"color: #333333;\"> www.alisonthirion.com<\/span><\/a><br \/>\n<strong>2 <a href=\"https:\/\/www.festivaldeceramique.com\/wp-content\/uploads\/2018\/03\/fiche-exposant-2.jpg\">Beatriz Tr\u00e9pat<\/a><\/strong><br \/>\n<span style=\"color: #333333;\">18 rue des Vignerons<\/span><br \/>\n<span style=\"color: #333333;\"> 94300 Vincennes<\/span><br \/>\n<a href=\"http:\/\/www.beatriz.trepat.com\" target=\"_blank\" rel=\"noopener noreferrer\"><span style=\"color: #333333;\"> www.beatriz.trepat.com<\/span><\/a><br \/>\n<strong>32 <a href=\"https:\/\/www.festivaldeceramique.com\/wp-content\/uploads\/2018\/03\/fiche-exposant-32.jpg\">Ingrid Van Munster<\/a><\/strong><br \/>\n<span style=\"color: #333333;\">Le Barry 09600 Limbrassac<\/span><br \/>\n<a href=\"http:\/\/www.ceramiques-vanmunster.fr\" target=\"_blank\" rel=\"noopener noreferrer\"><span style=\"color: #333333;\"> www.ceramiques-vanmunster.fr<\/span><\/a><br \/>\n<strong>9 <a href=\"https:\/\/www.festivaldeceramique.com\/wp-content\/uploads\/2018\/03\/fiche-exposant-9.jpg\">Fabienne Withofs<\/a><\/strong><br \/>\n<span style=\"color: #333333;\">1 Rue de les Waleffes<\/span><br \/>\n<span style=\"color: #333333;\"> 4530 Vaux et Borset, Belgique<\/span><br \/>\n<a href=\"mailto:fabienne.withofs@gmail.com\"><span style=\"color: #333333;\"> fabienne.withofs@gmail.com<\/span><\/a><br \/>\n<strong>B Les Editions Ateliers d&#8217;Art de France<\/strong><br \/>\n<span style=\"color: #333333;\">La Revue de la c\u00e9ramique et du verre\/ Magazine Ateliers d&#8217;Art<\/span><br \/>\n<a href=\"http:\/\/www.revue-ceramique-verre.com\" target=\"_blank\" rel=\"noopener noreferrer\"><span style=\"color: #333333;\"><b><\/b><\/span><\/a><b><a href=\"http:\/\/www.editionsateliersdart.com\" target=\"_blank\" rel=\"nofollow noopener noreferrer\" shape=\"rect\">www.editionsateliersdart.com<\/a><\/b><br \/>\n<strong>C EMA-CNIFOP<\/strong><br \/>\n<a href=\"https:\/\/www.cnifop.com\/\" target=\"_blank\" rel=\"noopener noreferrer\">https:\/\/www.cnifop.com\/<\/a><br \/>\n<strong>D Lyc\u00e9e du Gu\u00e9 \u00e0 Tresmes<\/strong><br \/>\n<span style=\"color: #333333;\"><a style=\"color: #333333;\" href=\"http:\/\/www.gueatresmes.fr\" target=\"_blank\" rel=\"noopener noreferrer\">www.gueatresmes.fr<\/a><\/span><br \/>\n<strong>E Expo photo<\/strong><br \/>\n<span style=\"color: #333333;\"><a style=\"color: #333333;\" href=\"http:\/\/www.jeremielogeay.fr\" target=\"_blank\" rel=\"noopener noreferrer\">www.jeremielogeay.fr<\/a><\/span><\/div>\n<div>\n<p><img loading=\"lazy\" decoding=\"async\" class=\"alignnone wp-image-240 size-full\" src=\"https:\/\/www.festivaldeceramique.com\/wp-content\/uploads\/2018\/02\/plan-expo.png\" alt=\"\" usemap=\"#MapMap\" width=\"624\" height=\"846\" srcset=\"https:\/\/www.festivaldeceramique.com\/wp-content\/uploads\/2018\/02\/plan-expo.png 624w, https:\/\/www.festivaldeceramique.com\/wp-content\/uploads\/2018\/02\/plan-expo-221x300.png 221w\" sizes=\"auto, (max-width: 624px) 100vw, 624px\" \/><br \/>\n<!--\n\n\n\n<map id=\"MapMap\" name=\"MapMap\">\n\n\n\n<area title=\"Perrotte Simone\" alt=\"Perrotte Simone\" coords=\"440,723,12\" shape=\"circle\" href=\"#32\" \/>\n\n\n\n<area title=\"Marais Quentin\" alt=\"Marais Quentin\" coords=\"38,464,12\" shape=\"circle\" href=\"#11\" \/>\n\n\n\n<area title=\"J\u00e9r\u00e9mie Logeay\" alt=\"J\u00e9r\u00e9mie Logeay\" coords=\"339,480,12\" shape=\"circle\" href=\"#a\" \/>\n\n\n\n<area title=\"Hibelot\u00a0Eric\" alt=\"Hibelot\u00a0Eric\" coords=\"275,491,12\" shape=\"circle\" href=\"#1\" \/>\n\n\n\n<area title=\"Weiss Ulrike\" alt=\"Weiss Ulrike\" coords=\"560,675,12\" shape=\"circle\" href=\"#21\" \/>\n\n\n\n<area title=\"Buquet Sofi\" alt=\"Buquet Sofi\" coords=\"560,758,12\" shape=\"circle\" href=\"#20\" \/>\n\n\n\n<area title=\"Leppens Marie-Noelle\" alt=\"Leppens Marie-Noelle\" coords=\"540,834,12\" shape=\"circle\" href=\"#19\" \/>\n\n\n\n<area title=\"Dumont Carole et Jean-Fran\u00e7ois\" alt=\"Dumont Carole et Jean-Fran\u00e7ois\" coords=\"458,834,12\" shape=\"circle\" href=\"#18\" \/>\n\n\n\n<area title=\"Cappe Boris\" alt=\"Cappe Boris\" coords=\"376,834,12\" shape=\"circle\" href=\"#17\" \/>\n\n\n\n<area title=\"Bruyas Florence\" alt=\"Bruyas Florence\" coords=\"320,777,12\" shape=\"circle\" href=\"#16\" \/>\n\n\n\n<area title=\"Chol\u00e9 Fran\u00e7oise\" alt=\"Chol\u00e9 Fran\u00e7oise\" coords=\"39,548,12\" shape=\"circle\" href=\"#12\" \/>\n\n\n\n<area title=\"Revue de la C\u00e9ramique et du Verre\" alt=\"Revue de la C\u00e9ramique et du Verre\" coords=\"418,555,12\" shape=\"circle\" href=\"#b\" \/>\n\n\n\n<area title=\"Pouplard Benoit\" alt=\"Pouplard Benoit\" coords=\"158,567,12\" shape=\"circle\" href=\"#24\" \/>\n\n\n\n<area title=\"Bignon Audrey\" alt=\"Bignon Audrey\" coords=\"245,670,12\" shape=\"circle\" href=\"#14\" \/>\n\n\n\n<area title=\"CNIFOP\" alt=\"CNIFOP\" coords=\"500,555,12\" shape=\"circle\" href=\"#c\" target=\"_top\" \/>\n\n\n\n<area title=\"Berthod Marjolaine\" alt=\"Berthod Marjolaine\" coords=\"319,697,12\" shape=\"circle\" href=\"#15\" \/>\n\n\n\n<area title=\"Heurtier Charlotte\" alt=\"Heurtier Charlotte\" coords=\"158,529,12\" shape=\"circle\" href=\"#25\" \/>\n\n\n\n<area title=\"Plus Sophie\" alt=\"Plus Sophie\" coords=\"500,605,12\" shape=\"circle\" href=\"#22\" \/>\n\n\n\n<area title=\"Gomez Cica\" alt=\"Gomez Cica\" coords=\"275,408,12\" shape=\"circle\" href=\"#2\" \/>\n\n\n\n<area title=\"Lafollie Aline\" alt=\"Lafollie Aline\" coords=\"39,384,12\" shape=\"circle\" href=\"#10\" \/>\n\n\n\n<area title=\"Meheust Marie-Pierre\" alt=\"Meheust Marie-Pierre\" coords=\"158,403,12\" shape=\"circle\" href=\"#27\" \/>\n\n\n\n<area title=\"Cohen Michel\" alt=\"Cohen Michel\" coords=\"158,317,12\" shape=\"circle\" href=\"#28\" \/>\n\n\n\n<area title=\"Manche Emmanuelle\" alt=\"Manche Emmanuelle\" coords=\"275,184,12\" shape=\"circle\" href=\"#4\" \/>\n\n\n\n<area title=\"Ulmer Violainec\" alt=\"Ulmer Violaine\" coords=\"174,63,12\" shape=\"circle\" href=\"#6\" \/>\n\n\n\n<area title=\"Gilles Fabienne\" alt=\"Gilles Fabienne\" coords=\"418,605,12\" shape=\"circle\" href=\"#23\" \/>\n\n\n\n<area title=\"Defer Maxime\" alt=\"Defer Maxime\" coords=\"157,149,12\" shape=\"circle\" href=\"#31\" \/>\n\n\n\n<area title=\"Enjalbert Sylvie\" alt=\"Enjalbert Sylvie\" coords=\"38,126,12\" shape=\"circle\" href=\"#8\" \/>\n\n\n\n<area title=\"Micenmacher Maya\" alt=\"Micenmacher Maya\" coords=\"157,277,12\" shape=\"circle\" href=\"#29\" \/>\n\n\n\n<area title=\"Weymeels Laurent\" alt=\"Weymeels Laurent\" coords=\"158,190,12\" shape=\"circle\" href=\"#30\" \/>\n\n\n\n<area title=\"Capri\" alt=\"Capri\" coords=\"39,235,12\" shape=\"circle\" href=\"#9\" \/>\n\n\n\n<area title=\"Duroselle Xavier\" alt=\"Duroselle Xavier\" coords=\"93,63,12\" shape=\"circle\" href=\"#7\" \/>\n\n\n\n<area title=\"Madelaine Oc\u00e9ane\" alt=\"Madelaine Oc\u00e9ane\" coords=\"81,668,12\" shape=\"circle\" href=\"#13\" \/>\n\n\n\n<area title=\"Marfisi Claire\" alt=\"Marfisi Claire\" coords=\"275,312,12\" shape=\"circle\" href=\"#3\" \/>\n\n\n\n<area title=\"Charlier Anne-Laure\" alt=\"Charlier Anne-Laure\" coords=\"255,63,12\" shape=\"circle\" href=\"#5\" \/>\n\n\n\n<area title=\"Bertholon St\u00e9phanie\" alt=\"Bertholon St\u00e9phanie\" coords=\"159,444,12\" shape=\"circle\" href=\"#26\" \/> <\/map>\n\n\n\n--><\/p>\n<\/div>\n","protected":false},"excerpt":{"rendered":"<div class=\"mh-excerpt\"><p>Voir le programme 2018 Liste des exposants 2018 14 Fanny Acquart-Gensollen 3 rue Charles Weiss 75015 Paris www.fannyacquartgensollen.com 26 Beno\u00eet Audureau Les Molans 49310 Le <a class=\"mh-excerpt-more\" href=\"https:\/\/www.festivaldeceramique.com\/index.php\/exposants-2018-festival-de-ceramique-paris-11\/\" title=\"Exposants\">[&#8230;]<\/a><\/p>\n<\/div>","protected":false},"author":1,"featured_media":0,"parent":0,"menu_order":0,"comment_status":"closed","ping_status":"closed","template":"","meta":{"footnotes":""},"class_list":["post-6","page","type-page","status-publish","hentry"],"_links":{"self":[{"href":"https:\/\/www.festivaldeceramique.com\/index.php\/wp-json\/wp\/v2\/pages\/6","targetHints":{"allow":["GET"]}}],"collection":[{"href":"https:\/\/www.festivaldeceramique.com\/index.php\/wp-json\/wp\/v2\/pages"}],"about":[{"href":"https:\/\/www.festivaldeceramique.com\/index.php\/wp-json\/wp\/v2\/types\/page"}],"author":[{"embeddable":true,"href":"https:\/\/www.festivaldeceramique.com\/index.php\/wp-json\/wp\/v2\/users\/1"}],"replies":[{"embeddable":true,"href":"https:\/\/www.festivaldeceramique.com\/index.php\/wp-json\/wp\/v2\/comments?post=6"}],"version-history":[{"count":44,"href":"https:\/\/www.festivaldeceramique.com\/index.php\/wp-json\/wp\/v2\/pages\/6\/revisions"}],"predecessor-version":[{"id":1107,"href":"https:\/\/www.festivaldeceramique.com\/index.php\/wp-json\/wp\/v2\/pages\/6\/revisions\/1107"}],"wp:attachment":[{"href":"https:\/\/www.festivaldeceramique.com\/index.php\/wp-json\/wp\/v2\/media?parent=6"}],"curies":[{"name":"wp","href":"https:\/\/api.w.org\/{rel}","templated":true}]}}