{"id":55,"date":"2018-02-18T15:31:05","date_gmt":"2018-02-18T14:31:05","guid":{"rendered":"https:\/\/www.festivaldeceramique.com\/?page_id=55"},"modified":"2021-02-05T11:55:23","modified_gmt":"2021-02-05T10:55:23","slug":"programme-2018","status":"publish","type":"page","link":"https:\/\/www.festivaldeceramique.com\/index.php\/editions-precedentes-2\/programme-2018\/","title":{"rendered":"Programme 2018"},"content":{"rendered":"<h5><a href=\"https:\/\/www.festivaldeceramique.com\/index.php\/exposants-2018-festival-de-ceramique-paris-11\/\">Voir les exposants 2018<\/a><\/h5>\n<h2>Programme 2018<\/h2>\n<p>&nbsp;<\/p>\n<table class=\"tablesProgramme\">\n<tbody>\n<tr>\n<td style=\"width:162px;\"><img loading=\"lazy\" decoding=\"async\" src=\"https:\/\/www.festivaldeceramique.com\/wp-content\/uploads\/2018\/02\/ingrid-van-munster.jpg\" alt=\"Ingrid Van Munster\" width=\"161\" height=\"160\"><br \/>\n&nbsp;<br \/>\n<img decoding=\"async\" src=\"https:\/\/www.festivaldeceramique.com\/wp-content\/uploads\/2018\/02\/recto-verso.jpg\" alt=\"\" width=\"161\"><br \/>\n&nbsp;<br \/>\n&nbsp;<br \/>\n&nbsp;<br \/>\n&nbsp;<br \/>\n&nbsp;<br \/>\n&nbsp;<br \/>\n&nbsp;<br \/>\n&nbsp;<br \/>\n&nbsp;<br \/>\n&nbsp;<br \/>\n&nbsp;<br \/>\n&nbsp;<br \/>\n&nbsp;<br \/>\n&nbsp;<br \/>\n&nbsp;<br \/>\n&nbsp;<br \/>\n&nbsp;<br \/>\n&nbsp;<br \/>\n<img decoding=\"async\" src=\"https:\/\/www.festivaldeceramique.com\/wp-content\/uploads\/2018\/02\/raku-punk.jpg\" alt=\"\" width=\"161\"><\/td>\n<td>\n<h4 style=\"text-align: left;\">Exposition \u2013 C\u00e9ramique<\/h4>\n<p style=\"text-align: justify;\"><strong>Ingrid Van Munster<br \/>\n<\/strong>Le festival donne carte blanche \u00e0 Ingrid Van Munster pour investir l\u2019espace central de la petite salle.<br \/>\n<a href=\"http:\/\/www.ceramiques-vanmunster.fr\" target=\"_blank\" rel=\"noopener noreferrer\">www.ceramiques-vanmunster.fr<\/a><\/p>\n<h4 style=\"text-align: left;\">Performance<\/h4>\n<p style=\"text-align: justify;\"><strong>Christine Coste \/ \u00c9ric Herrmann<\/strong><br \/>\n<em><strong>recto\/verso<br \/>\n<\/strong><\/em>Samedi de 15h30 \u00e0 16h30<br \/>\nAu coeur du salon, silhouettes partiellement recouvertes d\u2019argile, les performeurs observent le public.<br \/>\nDans un second temps, de part et d\u2019autre d\u2019un mur transparent, ils chor\u00e9graphient \u00e0 la barbotine une succession de tableaux \u00e9ph\u00e9m\u00e8res. De l\u2019abstraction \u00e0 la figuration, du blanc au noir, du silence \u00e0 la fulgurance, le public devient complice de la rencontre des deux univers. \u00c0 travers le jeu des transparences, des apparitions\/ disparitions, il fantasme alors sa vision parcellaire.<br \/>\nRecto\/verso, une performance qui bouleverse les codes de lecture pour susciter de nouvelles perceptions.<br \/>\n<a href=\"http:\/\/www.christinecoste.fr\" target=\"_blank\" rel=\"noopener noreferrer\">www.christinecoste.fr<\/a><\/p>\n<h4 style=\"text-align: left;\">Exposition &#8211; Photographie<\/h4>\n<p style=\"text-align: justify;\"><strong>J\u00e9r\u00e9mie Logeay<\/strong><br \/>\n<em><strong>Raku Punk<\/strong><\/em><br \/>\nUne exposition des photographies que J\u00e9r\u00e9mie Logeay a r\u00e9alis\u00e9es lors de la Performance Raku Punk mise en oeuvre par Jean-Fran\u00e7ois Bourlard et Val\u00e9rie Blaise lors de l\u2019\u00e9dition 2017 du Festival\u2026<br \/>\n<a href=\"http:\/\/www.jeremielogeay.fr\" target=\"_blank\" rel=\"noopener noreferrer\">www.jeremielogeay.fr<\/a><\/p>\n<\/td>\n<td style=\"text-align: justify;\">\n<h4>Projections de films<\/h4>\n<p><strong>S\u00e9lection Terramicales<\/strong><br \/>\nVendredi et dimanche \u00e0 12h et 16h, samedi \u00e0 12h.<\/p>\n<h4>Atelier Enfants<\/h4>\n<p>Samedi et dimanche de 14h \u00e0 17h.<br \/>\nLes enfants pourront mettre les mains dans la terre et s\u2019essayer au modelage lors de l\u2019atelier anim\u00e9 par Elise Kastner samedi et dimanche apr\u00e8s midi, sur l\u2019esplanade ext\u00e9rieure.<\/p>\n<h4>Caf\u00e9 Terramicales<\/h4>\n<p>Terramicales vous propose un espace pour boire un caf\u00e9 ou un th\u00e9, dans le patio de la salle Olympe de Gouges. Les Caf\u00e9s Kaldi, notre nouveau partenaire torr\u00e9fient de mani\u00e8re artisanale des caf\u00e9s fins d\u2019Ethiopie et du monde, 100{d9e2852e9cf50f4245b5eeadf6644eefc1289e3b4f69037347cdb45120c10c44} Arabica, s\u00e9lectionn\u00e9s pour leurs qualit\u00e9s gustatives dans le respect de l\u2019environnement et des producteurs. Leurs valeurs ? Qualit\u00e9, tra\u00e7abilit\u00e9, authenticit\u00e9.<br \/>\n<img loading=\"lazy\" decoding=\"async\" src=\"https:\/\/www.festivaldeceramique.com\/wp-content\/uploads\/2018\/03\/cafe_kaldi.jpg\" alt=\"\" width=\"144\" height=\"116\"><\/p>\n<h4>Le festival cr\u00e9ateur de vocation !<\/h4>\n<p><strong>Un partenariat<\/strong> avec le lyc\u00e9e du Gu\u00e9 \u00e0 Tresmes (Seine et Marne), sp\u00e9cialis\u00e9 dans les formations c\u00e9ramique, a permis \u00e0 ses \u00e9l\u00e8ves de r\u00e9aliser des tasses avec le logo du festival et de les pr\u00e9senter au<br \/>\ncaf\u00e9 c\u00e9ramique o\u00f9 elles trouveront s\u00fbrement des acqu\u00e9reurs.<br \/>\n<strong>Une animation terre<\/strong> est offerte \u00e0 une classe de l\u2019\u00e9cole maternelle voisine, rue Merlin, vendredi<br \/>\nde 10h \u00e0 11h30.<\/p>\n<h4>Tombola<\/h4>\n<p>Achetez vos billets aupr\u00e8s d\u2019un de nos b\u00e9n\u00e9voles, votez pour la c\u00e9ramique de votre choix et si votre ticket est tir\u00e9 au sort, gagnez la pi\u00e8ce pour laquelle vous avez vot\u00e9 !<\/td>\n<\/tr>\n<\/tbody>\n<\/table>\n","protected":false},"excerpt":{"rendered":"<div class=\"mh-excerpt\"><p>Voir les exposants 2018 Programme 2018 &nbsp; &nbsp; &nbsp; &nbsp; &nbsp; &nbsp; &nbsp; &nbsp; &nbsp; &nbsp; &nbsp; &nbsp; &nbsp; &nbsp; &nbsp; &nbsp; &nbsp; &nbsp; &nbsp; <a class=\"mh-excerpt-more\" href=\"https:\/\/www.festivaldeceramique.com\/index.php\/editions-precedentes-2\/programme-2018\/\" title=\"Programme 2018\">[&#8230;]<\/a><\/p>\n<\/div>","protected":false},"author":1,"featured_media":0,"parent":1018,"menu_order":0,"comment_status":"closed","ping_status":"closed","template":"","meta":{"footnotes":""},"class_list":["post-55","page","type-page","status-publish","hentry"],"_links":{"self":[{"href":"https:\/\/www.festivaldeceramique.com\/index.php\/wp-json\/wp\/v2\/pages\/55","targetHints":{"allow":["GET"]}}],"collection":[{"href":"https:\/\/www.festivaldeceramique.com\/index.php\/wp-json\/wp\/v2\/pages"}],"about":[{"href":"https:\/\/www.festivaldeceramique.com\/index.php\/wp-json\/wp\/v2\/types\/page"}],"author":[{"embeddable":true,"href":"https:\/\/www.festivaldeceramique.com\/index.php\/wp-json\/wp\/v2\/users\/1"}],"replies":[{"embeddable":true,"href":"https:\/\/www.festivaldeceramique.com\/index.php\/wp-json\/wp\/v2\/comments?post=55"}],"version-history":[{"count":42,"href":"https:\/\/www.festivaldeceramique.com\/index.php\/wp-json\/wp\/v2\/pages\/55\/revisions"}],"predecessor-version":[{"id":1112,"href":"https:\/\/www.festivaldeceramique.com\/index.php\/wp-json\/wp\/v2\/pages\/55\/revisions\/1112"}],"up":[{"embeddable":true,"href":"https:\/\/www.festivaldeceramique.com\/index.php\/wp-json\/wp\/v2\/pages\/1018"}],"wp:attachment":[{"href":"https:\/\/www.festivaldeceramique.com\/index.php\/wp-json\/wp\/v2\/media?parent=55"}],"curies":[{"name":"wp","href":"https:\/\/api.w.org\/{rel}","templated":true}]}}