{"id":36,"date":"2018-02-17T16:40:23","date_gmt":"2018-02-17T15:40:23","guid":{"rendered":"https:\/\/www.festivaldeceramique.com\/?page_id=36"},"modified":"2026-03-24T12:38:08","modified_gmt":"2026-03-24T11:38:08","slug":"accueil","status":"publish","type":"page","link":"https:\/\/www.festivaldeceramique.com\/","title":{"rendered":"Accueil"},"content":{"rendered":"\n<p class=\"has-text-align-center has-medium-font-size\"><strong>Toute l\u2019\u00e9quipe de l\u2019association Terramicales <\/strong><br>est heureuse de vous annoncer le retour du Festival de c\u00e9ramique de Paris 11\u00e8 !<\/p>\n\n\n\n<p class=\"has-text-align-center has-medium-font-size\"><strong>Prochaine \u00e9dition : du 10 au 12 avril 2026 <\/strong><\/p>\n\n\n\n<p class=\"has-text-align-center has-medium-font-size\">&#8211; Trois jours pour d\u00e9couvrir les c\u00e9ramistes s\u00e9lectionn\u00e9s pour cette 18e \u00e9dition &#8211;<br>&#8212;<\/p>\n\n\n\n<p class=\"has-text-align-center\" style=\"font-size:15px\">Terramicales recherche des b\u00e9n\u00e9voles pour aider au bon d\u00e9roulement&nbsp;de la manifestation et <br>vous invite \u00e0 y contribuer dans la bonne humeur et la convivialit\u00e9. <br>Si vous souhaitez offrir un peu de votre temps :<\/p>\n\n\n\n<p class=\"has-text-align-center has-text-color has-link-color wp-elements-e5283e1f9c35a78b5d29df30539b6fe4\" style=\"color:#bf0404;font-size:15px\"><a href=\"https:\/\/docs.google.com\/forms\/d\/e\/1FAIpQLSdfeB4_eondrAMIhBZGLKH9_E-uyg3kXcoHconOvNvDNLHoyA\/viewform?fbclid=IwY2xjawQuDGxleHRuA2FlbQIxMABicmlkETF0a2RtWTZjYlJic0VnTUdwc3J0YwZhcHBfaWQQMjIyMDM5MTc4ODIwMDg5MgABHqH8hqBh1SMqcHP7E6zcHNc7cyPwDsJgT6Ff55TrQQ8-KenW5MHO7cGIltAj_aem_Zp_rx9R8cGBhVOYwLq9aOw\" data-type=\"link\" data-id=\"https:\/\/docs.google.com\/forms\/d\/e\/1FAIpQLSdfeB4_eondrAMIhBZGLKH9_E-uyg3kXcoHconOvNvDNLHoyA\/viewform?fbclid=IwY2xjawQuDGxleHRuA2FlbQIxMABicmlkETF0a2RtWTZjYlJic0VnTUdwc3J0YwZhcHBfaWQQMjIyMDM5MTc4ODIwMDg5MgABHqH8hqBh1SMqcHP7E6zcHNc7cyPwDsJgT6Ff55TrQQ8-KenW5MHO7cGIltAj_aem_Zp_rx9R8cGBhVOYwLq9aOw\" target=\"_blank\" rel=\"noreferrer noopener\">consultez l&#8217;appel et remplissez le formulaire ici<\/a>.<\/p>\n\n\n\n<div class=\"wp-block-columns is-layout-flex wp-container-core-columns-is-layout-9d6595d7 wp-block-columns-is-layout-flex\">\n<div class=\"wp-block-column is-vertically-aligned-center is-layout-flow wp-block-column-is-layout-flow\" style=\"flex-basis:96%\"><div class=\"wp-block-image\">\n<figure class=\"alignright size-full\"><img loading=\"lazy\" decoding=\"async\" width=\"724\" height=\"1024\" src=\"https:\/\/www.festivaldeceramique.com\/wp-content\/uploads\/2026\/03\/festival-ceramique-paris11-.jpg\" alt=\"Festival de C\u00e9ramique de Paris 11e - \u00c9dition 2026\" class=\"wp-image-5514\" title=\"Festival de C\u00e9ramique de Paris 11e - Du 10 au 12 avril 2026\" srcset=\"https:\/\/www.festivaldeceramique.com\/wp-content\/uploads\/2026\/03\/festival-ceramique-paris11-.jpg 724w, https:\/\/www.festivaldeceramique.com\/wp-content\/uploads\/2026\/03\/festival-ceramique-paris11--212x300.jpg 212w\" sizes=\"auto, (max-width: 724px) 100vw, 724px\" \/><\/figure>\n<\/div><\/div>\n<\/div>\n\n\n\n<div class=\"wp-block-group\"><div class=\"wp-block-group__inner-container is-layout-constrained wp-block-group-is-layout-constrained\">\n<div style=\"text-align: center;\"><span style=\"color: #000000;\">Pour vous tenir au courant de l&#8217;actualit\u00e9 du Festival, &nbsp;<br>Suivez-nous sur les r\u00e9seaux sociaux : <\/span>\n<p><a href=\"https:\/\/www.facebook.com\/FestivaldeCeramique\/\" target=\"_blank\" rel=\"nofollow noopener noreferrer\" data-saferedirecturl=\"https:\/\/www.google.com\/url?q=https:\/\/www.facebook.com\/FestivaldeCeramique\/&amp;source=gmail&amp;ust=1612262116302000&amp;usg=AFQjCNEDPL89QiUbnFL1XDfcagMze6u4Kg\">Page Facebook : <img loading=\"lazy\" decoding=\"async\" class=\"\" style=\"line-height: 0.01;\" src=\"https:\/\/www.festivaldeceramique.com\/wp-content\/uploads\/2018\/03\/facebook-festival-ceramique.jpg\" width=\"23\" height=\"23\"> <\/a> <br><a style=\"line-height: 1.8;\" href=\"https:\/\/www.instagram.com\/festival.de.ceramique.paris11\/\" target=\"_blank\" rel=\"noopener noreferrer\">Instagram : <img loading=\"lazy\" decoding=\"async\" class=\"\" style=\"margin-top: 4px;\" src=\"https:\/\/www.festivaldeceramique.com\/wp-content\/uploads\/2022\/02\/logo-insta.png\" width=\"23\" height=\"23\"><\/a><\/p>\n<p>Festival de c\u00e9ramique de Paris 11<br>Salle Olympe-de-Gouges, 15 rue Merlin <br>75011 Paris &#8211; M. Voltaire<\/p>\n<\/div>\n\n\n\n<p class=\"has-text-align-center\"><div id=\"metaslider-id-40\" style=\"max-width: 558px; margin: 0 auto;\" class=\"ml-slider-3-107-0 metaslider metaslider-nivo metaslider-40 ml-slider has-dots-nav ms-theme-default\" role=\"region\" aria-label=\"New Slideshow\" data-height=\"602\" data-width=\"558\">\n    <div id=\"metaslider_container_40\">\n        <div class='slider-wrapper theme-default'><div class='ribbon'><\/div><div id='metaslider_40' class='nivoSlider'><img loading=\"lazy\" decoding=\"async\" src=\"https:\/\/www.festivaldeceramique.com\/wp-content\/uploads\/2024\/02\/affiche-festival-ceramique-paris-11-edition-2024.png\" height=\"602\" width=\"558\" title=\"Affiche festival de ceramique Paris 11 - Edition 2024\" alt=\"Affiche festival de ceramique Paris 11 - Edition 2024\" class=\"slider-40 slide-2252 msDefaultImage\" \/><img loading=\"lazy\" decoding=\"async\" src=\"https:\/\/www.festivaldeceramique.com\/wp-content\/uploads\/2018\/03\/slide011-558x602.jpg\" height=\"602\" width=\"558\" alt=\"\" class=\"slider-40 slide-212 msDefaultImage\" \/><img loading=\"lazy\" decoding=\"async\" src=\"https:\/\/www.festivaldeceramique.com\/wp-content\/uploads\/2018\/03\/slide012-558x602.jpg\" height=\"602\" width=\"558\" alt=\"\" class=\"slider-40 slide-214 msDefaultImage\" \/><img loading=\"lazy\" decoding=\"async\" src=\"https:\/\/www.festivaldeceramique.com\/wp-content\/uploads\/2019\/03\/slide2-festival-ceramique-2-558x602.jpg\" height=\"602\" width=\"558\" alt=\"\" class=\"slider-40 slide-610 msDefaultImage\" \/><img loading=\"lazy\" decoding=\"async\" src=\"https:\/\/www.festivaldeceramique.com\/wp-content\/uploads\/2019\/03\/slide-festival-ceramique-2018-558x602.jpg\" height=\"602\" width=\"558\" alt=\"\" class=\"slider-40 slide-608 msDefaultImage\" \/><img loading=\"lazy\" decoding=\"async\" src=\"https:\/\/www.festivaldeceramique.com\/wp-content\/uploads\/2019\/03\/slide3-festival-ceramique-2-558x602.jpg\" height=\"602\" width=\"558\" alt=\"\" class=\"slider-40 slide-612 msDefaultImage\" \/><img loading=\"lazy\" decoding=\"async\" src=\"https:\/\/www.festivaldeceramique.com\/wp-content\/uploads\/2019\/03\/slide5-festival-ceramique-2-558x602.jpg\" height=\"602\" width=\"558\" alt=\"\" class=\"slider-40 slide-616 msDefaultImage\" \/><img loading=\"lazy\" decoding=\"async\" src=\"https:\/\/www.festivaldeceramique.com\/wp-content\/uploads\/2018\/03\/slide014-2-558x602.png\" height=\"602\" width=\"558\" alt=\"\" class=\"slider-40 slide-209 msDefaultImage\" \/><img loading=\"lazy\" decoding=\"async\" src=\"https:\/\/www.festivaldeceramique.com\/wp-content\/uploads\/2018\/03\/slide015-1-558x602.png\" height=\"602\" width=\"558\" alt=\"\" class=\"slider-40 slide-208 msDefaultImage\" \/><img loading=\"lazy\" decoding=\"async\" src=\"https:\/\/www.festivaldeceramique.com\/wp-content\/uploads\/2018\/03\/slide013-1-558x602.png\" height=\"602\" width=\"558\" alt=\"\" class=\"slider-40 slide-210 msDefaultImage\" \/><img loading=\"lazy\" decoding=\"async\" src=\"https:\/\/www.festivaldeceramique.com\/wp-content\/uploads\/2019\/03\/slide4-festival-ceramique-2-558x602.jpg\" height=\"602\" width=\"558\" alt=\"\" class=\"slider-40 slide-614 msDefaultImage\" \/><img loading=\"lazy\" decoding=\"async\" src=\"https:\/\/www.festivaldeceramique.com\/wp-content\/uploads\/2019\/03\/slide6-festival-ceramique-2-558x602.jpg\" height=\"602\" width=\"558\" alt=\"\" class=\"slider-40 slide-618 msDefaultImage\" \/><img loading=\"lazy\" decoding=\"async\" src=\"https:\/\/www.festivaldeceramique.com\/wp-content\/uploads\/2019\/03\/slide8-festival-ceramique-2-558x602.jpg\" height=\"602\" width=\"558\" alt=\"\" class=\"slider-40 slide-622 msDefaultImage\" \/><img loading=\"lazy\" decoding=\"async\" src=\"https:\/\/www.festivaldeceramique.com\/wp-content\/uploads\/2019\/03\/slide7-festival-ceramique-2-558x602.jpg\" height=\"602\" width=\"558\" alt=\"\" class=\"slider-40 slide-620 msDefaultImage\" \/><\/div><\/div>\n        \n    <\/div>\n<\/div><\/p>\n<\/div><\/div>\n","protected":false},"excerpt":{"rendered":"<div class=\"mh-excerpt\"><p>Toute l\u2019\u00e9quipe de l\u2019association Terramicales est heureuse de vous annoncer le retour du Festival de c\u00e9ramique de Paris 11\u00e8 ! Prochaine \u00e9dition : du 10 <a class=\"mh-excerpt-more\" href=\"https:\/\/www.festivaldeceramique.com\/\" title=\"Accueil\">[&#8230;]<\/a><\/p>\n<\/div>","protected":false},"author":1,"featured_media":5514,"parent":0,"menu_order":0,"comment_status":"closed","ping_status":"closed","template":"","meta":{"footnotes":""},"class_list":["post-36","page","type-page","status-publish","has-post-thumbnail","hentry"],"_links":{"self":[{"href":"https:\/\/www.festivaldeceramique.com\/index.php\/wp-json\/wp\/v2\/pages\/36","targetHints":{"allow":["GET"]}}],"collection":[{"href":"https:\/\/www.festivaldeceramique.com\/index.php\/wp-json\/wp\/v2\/pages"}],"about":[{"href":"https:\/\/www.festivaldeceramique.com\/index.php\/wp-json\/wp\/v2\/types\/page"}],"author":[{"embeddable":true,"href":"https:\/\/www.festivaldeceramique.com\/index.php\/wp-json\/wp\/v2\/users\/1"}],"replies":[{"embeddable":true,"href":"https:\/\/www.festivaldeceramique.com\/index.php\/wp-json\/wp\/v2\/comments?post=36"}],"version-history":[{"count":120,"href":"https:\/\/www.festivaldeceramique.com\/index.php\/wp-json\/wp\/v2\/pages\/36\/revisions"}],"predecessor-version":[{"id":5561,"href":"https:\/\/www.festivaldeceramique.com\/index.php\/wp-json\/wp\/v2\/pages\/36\/revisions\/5561"}],"wp:featuredmedia":[{"embeddable":true,"href":"https:\/\/www.festivaldeceramique.com\/index.php\/wp-json\/wp\/v2\/media\/5514"}],"wp:attachment":[{"href":"https:\/\/www.festivaldeceramique.com\/index.php\/wp-json\/wp\/v2\/media?parent=36"}],"curies":[{"name":"wp","href":"https:\/\/api.w.org\/{rel}","templated":true}]}}