{"id":2520,"date":"2024-12-30T18:10:32","date_gmt":"2024-12-30T17:10:32","guid":{"rendered":"https:\/\/www.festivaldeceramique.com\/?page_id=2520"},"modified":"2025-08-11T10:36:58","modified_gmt":"2025-08-11T08:36:58","slug":"candidature-2026","status":"publish","type":"page","link":"https:\/\/www.festivaldeceramique.com\/index.php\/candidature-2026\/","title":{"rendered":"Candidature 2026"},"content":{"rendered":"\n<h1 class=\"wp-block-heading has-text-align-center has-text-color has-link-color has-large-font-size wp-elements-ce25993784d7722e0317a1277bbe2f91\" style=\"color:#ab0505\"><strong>Candidature 2026<\/strong><\/h1>\n\n\n\n<h2 class=\"wp-block-heading has-text-align-center has-black-color has-text-color has-link-color wp-elements-9e500264c3bccf6db5686e43a32fc695\">FESTIVAL <strong>DE C\u00c9RAMIQUE DE PARIS 11<sup>\u00e8me<\/sup><\/strong> &#8211; 18<sup>\u00e8me <\/sup>\u00e9dition<\/h2>\n\n\n\n<hr class=\"wp-block-separator has-alpha-channel-opacity is-style-dots\"\/>\n\n\n\n<h3 class=\"wp-block-heading has-text-align-center has-black-color has-text-color has-link-color wp-elements-fccb007bdfbf2787e8e4fc788cdcbc5b\">Les candidatures pour l&#8217;\u00e9dition 2026 du festival sont closes.<br><br>Merci \u00e0 tous les candidats.<\/h3>\n\n\n\n<p class=\"has-text-align-center\">Nous vous rappelons que seules les personnes dont la candidature aura \u00e9t\u00e9 retenue en seront inform\u00e9es par mail, au plus tard le 1er octobre 2025.<\/p>\n","protected":false},"excerpt":{"rendered":"<div class=\"mh-excerpt\"><p>Candidature 2026 FESTIVAL DE C\u00c9RAMIQUE DE PARIS 11\u00e8me &#8211; 18\u00e8me \u00e9dition Les candidatures pour l&#8217;\u00e9dition 2026 du festival sont closes. Merci \u00e0 tous les candidats. <a class=\"mh-excerpt-more\" href=\"https:\/\/www.festivaldeceramique.com\/index.php\/candidature-2026\/\" title=\"Candidature 2026\">[&#8230;]<\/a><\/p>\n<\/div>","protected":false},"author":1,"featured_media":0,"parent":0,"menu_order":0,"comment_status":"closed","ping_status":"closed","template":"","meta":{"footnotes":""},"class_list":["post-2520","page","type-page","status-publish","hentry"],"_links":{"self":[{"href":"https:\/\/www.festivaldeceramique.com\/index.php\/wp-json\/wp\/v2\/pages\/2520","targetHints":{"allow":["GET"]}}],"collection":[{"href":"https:\/\/www.festivaldeceramique.com\/index.php\/wp-json\/wp\/v2\/pages"}],"about":[{"href":"https:\/\/www.festivaldeceramique.com\/index.php\/wp-json\/wp\/v2\/types\/page"}],"author":[{"embeddable":true,"href":"https:\/\/www.festivaldeceramique.com\/index.php\/wp-json\/wp\/v2\/users\/1"}],"replies":[{"embeddable":true,"href":"https:\/\/www.festivaldeceramique.com\/index.php\/wp-json\/wp\/v2\/comments?post=2520"}],"version-history":[{"count":27,"href":"https:\/\/www.festivaldeceramique.com\/index.php\/wp-json\/wp\/v2\/pages\/2520\/revisions"}],"predecessor-version":[{"id":5216,"href":"https:\/\/www.festivaldeceramique.com\/index.php\/wp-json\/wp\/v2\/pages\/2520\/revisions\/5216"}],"wp:attachment":[{"href":"https:\/\/www.festivaldeceramique.com\/index.php\/wp-json\/wp\/v2\/media?parent=2520"}],"curies":[{"name":"wp","href":"https:\/\/api.w.org\/{rel}","templated":true}]}}